{"id":979,"date":"2021-11-19T18:22:32","date_gmt":"2021-11-19T18:22:32","guid":{"rendered":"http:\/\/br806.teste.website\/~ramire14\/site\/?page_id=979"},"modified":"2022-03-20T22:15:12","modified_gmt":"2022-03-20T22:15:12","slug":"reflortec","status":"publish","type":"page","link":"https:\/\/empresasramires.com.br\/site\/reflortec\/","title":{"rendered":"Reflortec"},"content":{"rendered":"\t\t<div data-elementor-type=\"wp-page\" data-elementor-id=\"979\" class=\"elementor elementor-979\">\n\t\t\t\t\t\t<section class=\"elementor-section elementor-top-section elementor-element elementor-element-2827f1ff elementor-section-height-min-height elementor-section-boxed elementor-section-height-default elementor-section-items-middle\" data-id=\"2827f1ff\" data-element_type=\"section\" data-settings=\"{&quot;background_background&quot;:&quot;classic&quot;,&quot;shape_divider_top&quot;:&quot;mountains&quot;,&quot;shape_divider_bottom&quot;:&quot;arrow&quot;}\">\n\t\t\t\t\t\t\t<div class=\"elementor-background-overlay\"><\/div>\n\t\t\t\t\t\t<div class=\"elementor-shape elementor-shape-top\" aria-hidden=\"true\" data-negative=\"false\">\n\t\t\t<svg xmlns=\"http:\/\/www.w3.org\/2000\/svg\" viewBox=\"0 0 1000 100\" preserveAspectRatio=\"none\">\n\t<path class=\"elementor-shape-fill\" opacity=\"0.33\" d=\"M473,67.3c-203.9,88.3-263.1-34-320.3,0C66,119.1,0,59.7,0,59.7V0h1000v59.7 c0,0-62.1,26.1-94.9,29.3c-32.8,3.3-62.8-12.3-75.8-22.1C806,49.6,745.3,8.7,694.9,4.7S492.4,59,473,67.3z\"\/>\n\t<path class=\"elementor-shape-fill\" opacity=\"0.66\" d=\"M734,67.3c-45.5,0-77.2-23.2-129.1-39.1c-28.6-8.7-150.3-10.1-254,39.1 s-91.7-34.4-149.2,0C115.7,118.3,0,39.8,0,39.8V0h1000v36.5c0,0-28.2-18.5-92.1-18.5C810.2,18.1,775.7,67.3,734,67.3z\"\/>\n\t<path class=\"elementor-shape-fill\" d=\"M766.1,28.9c-200-57.5-266,65.5-395.1,19.5C242,1.8,242,5.4,184.8,20.6C128,35.8,132.3,44.9,89.9,52.5C28.6,63.7,0,0,0,0 h1000c0,0-9.9,40.9-83.6,48.1S829.6,47,766.1,28.9z\"\/>\n<\/svg>\t\t<\/div>\n\t\t\t\t<div class=\"elementor-shape elementor-shape-bottom\" aria-hidden=\"true\" data-negative=\"false\">\n\t\t\t<svg xmlns=\"http:\/\/www.w3.org\/2000\/svg\" viewBox=\"0 0 700 10\" preserveAspectRatio=\"none\">\n\t<path class=\"elementor-shape-fill\" d=\"M350,10L340,0h20L350,10z\"\/>\n<\/svg>\t\t<\/div>\n\t\t\t\t\t<div class=\"elementor-container elementor-column-gap-default\">\n\t\t\t\t\t<div class=\"elementor-column elementor-col-100 elementor-top-column elementor-element elementor-element-387d84d\" data-id=\"387d84d\" data-element_type=\"column\">\n\t\t\t<div class=\"elementor-widget-wrap elementor-element-populated\">\n\t\t\t\t\t\t<div class=\"elementor-element elementor-element-687a256d elementor-widget elementor-widget-heading\" data-id=\"687a256d\" data-element_type=\"widget\" data-widget_type=\"heading.default\">\n\t\t\t\t<div class=\"elementor-widget-container\">\n\t\t\t\t\t<h5 class=\"elementor-heading-title elementor-size-medium\">- DESDE 1973 -<\/h5>\t\t\t\t<\/div>\n\t\t\t\t<\/div>\n\t\t\t\t<div class=\"elementor-element elementor-element-5c889ee elementor-widget elementor-widget-image\" data-id=\"5c889ee\" data-element_type=\"widget\" data-widget_type=\"image.default\">\n\t\t\t\t<div class=\"elementor-widget-container\">\n\t\t\t\t\t\t\t\t\t\t\t\t\t\t\t<img fetchpriority=\"high\" decoding=\"async\" width=\"300\" height=\"225\" src=\"https:\/\/empresasramires.com.br\/site\/wp-content\/uploads\/2021\/11\/Logo-Ramires-300x225.png\" class=\"elementor-animation-grow attachment-medium size-medium wp-image-1003\" alt=\"\" srcset=\"https:\/\/empresasramires.com.br\/site\/wp-content\/uploads\/2021\/11\/Logo-Ramires-300x225.png 300w, https:\/\/empresasramires.com.br\/site\/wp-content\/uploads\/2021\/11\/Logo-Ramires-1024x768.png 1024w, https:\/\/empresasramires.com.br\/site\/wp-content\/uploads\/2021\/11\/Logo-Ramires-768x576.png 768w, https:\/\/empresasramires.com.br\/site\/wp-content\/uploads\/2021\/11\/Logo-Ramires-1536x1152.png 1536w, https:\/\/empresasramires.com.br\/site\/wp-content\/uploads\/2021\/11\/Logo-Ramires-195x146.png 195w, https:\/\/empresasramires.com.br\/site\/wp-content\/uploads\/2021\/11\/Logo-Ramires-50x38.png 50w, https:\/\/empresasramires.com.br\/site\/wp-content\/uploads\/2021\/11\/Logo-Ramires-100x75.png 100w, https:\/\/empresasramires.com.br\/site\/wp-content\/uploads\/2021\/11\/Logo-Ramires-960x720.png 960w, https:\/\/empresasramires.com.br\/site\/wp-content\/uploads\/2021\/11\/Logo-Ramires.png 2048w\" sizes=\"(max-width: 300px) 100vw, 300px\" \/>\t\t\t\t\t\t\t\t\t\t\t\t\t\t\t<\/div>\n\t\t\t\t<\/div>\n\t\t\t\t<div class=\"elementor-element elementor-element-f3dd30c elementor-widget elementor-widget-heading\" data-id=\"f3dd30c\" data-element_type=\"widget\" data-widget_type=\"heading.default\">\n\t\t\t\t<div class=\"elementor-widget-container\">\n\t\t\t\t\t<h5 class=\"elementor-heading-title elementor-size-medium\">- SOLU\u00c7\u00d5ES EM PRODUTOS FLORESTAIS -<\/h5>\t\t\t\t<\/div>\n\t\t\t\t<\/div>\n\t\t\t\t\t<\/div>\n\t\t<\/div>\n\t\t\t\t\t<\/div>\n\t\t<\/section>\n\t\t\t\t<section class=\"elementor-section elementor-top-section elementor-element elementor-element-414bc41e elementor-section-full_width elementor-section-content-middle elementor-section-height-default elementor-section-height-default\" data-id=\"414bc41e\" data-element_type=\"section\" data-settings=\"{&quot;background_background&quot;:&quot;classic&quot;}\">\n\t\t\t\t\t\t<div class=\"elementor-container elementor-column-gap-no\">\n\t\t\t\t\t<div class=\"elementor-column elementor-col-50 elementor-top-column elementor-element elementor-element-33b69469\" data-id=\"33b69469\" data-element_type=\"column\">\n\t\t\t<div class=\"elementor-widget-wrap elementor-element-populated\">\n\t\t\t\t\t\t<div class=\"elementor-element elementor-element-46ab5b49 elementor-widget elementor-widget-heading\" data-id=\"46ab5b49\" data-element_type=\"widget\" data-widget_type=\"heading.default\">\n\t\t\t\t<div class=\"elementor-widget-container\">\n\t\t\t\t\t<h3 class=\"elementor-heading-title elementor-size-large\">Reflortec<\/h3>\t\t\t\t<\/div>\n\t\t\t\t<\/div>\n\t\t\t\t<div class=\"elementor-element elementor-element-d959df9 elementor-view-stacked elementor-shape-circle elementor-widget elementor-widget-icon\" data-id=\"d959df9\" data-element_type=\"widget\" data-widget_type=\"icon.default\">\n\t\t\t\t<div class=\"elementor-widget-container\">\n\t\t\t\t\t\t\t<div class=\"elementor-icon-wrapper\">\n\t\t\t<div class=\"elementor-icon\">\n\t\t\t<svg xmlns=\"http:\/\/www.w3.org\/2000\/svg\" xmlns:xlink=\"http:\/\/www.w3.org\/1999\/xlink\" id=\"Camada_1\" x=\"0px\" y=\"0px\" viewBox=\"0 0 1000 1000\" style=\"enable-background:new 0 0 1000 1000;\" xml:space=\"preserve\"><style type=\"text\/css\">\t.st0{fill:#FFFFFF;}<\/style><g>\t<path class=\"st0\" d=\"M512.18,55c4.66,1.38,9.36,2.63,13.97,4.15c40.69,13.4,64.59,55.59,55.02,97.95c-1.33,5.88-0.4,9.4,5.24,12.57   c0.9-1.96,1.87-3.86,2.67-5.83c16.72-41.13,60.54-62.34,102.44-49.57c41.48,12.64,66.24,55.51,56.57,98.57   c-1.09,4.87-0.39,7.78,2.93,11.44c25.83,28.54,33.27,61.31,22.19,98.35c-0.8,2.66,0.5,7.25,2.51,9.27   c39.29,39.4,40.57,96.84,3.06,138.41c-2.06,2.28-3.5,6.67-2.87,9.58c13.6,63.47-40.3,116.03-103.26,100.48   c-1.64-0.41-3.34-0.56-5.4-0.9c0,103.14,0,205.91,0,309.91c3.18,0,6.23,0,9.29,0c23.76,0,47.52-0.05,71.28,0.02   c17.71,0.05,30.27,11.6,30.33,27.68c0.06,16.12-12.48,27.9-30.1,27.9c-165.46,0.04-330.91,0.04-496.37,0   c-17.49-0.01-30.03-12.06-29.82-28.19c0.21-15.82,12.55-27.3,29.72-27.37c24.05-0.1,48.1-0.03,72.15-0.03c2.83,0,5.67,0,8.92,0   c0-122.06,0-243.33,0-365.58c-3.3,0.73-6.5,1.48-9.7,2.15c-59.91,12.53-112.3-40.35-98.88-100.11c1.19-5.31,0.13-8.32-3.36-12.1   c-36.92-39.97-35.51-98.82,3.32-136.72c3.63-3.54,4.39-6.2,2.86-11.1c-11.29-36.28-3.51-68.57,21.59-96.73   c3.41-3.82,4.62-6.77,3.42-12.1c-10.33-46.13,18.18-90.31,64.28-100.37c1.63-0.35,3.17-1.13,4.75-1.71c8.11,0,16.23,0,24.34,0   c1.28,0.55,2.52,1.32,3.86,1.61c29.62,6.45,49.88,24.01,61.9,51.61c1.11,2.56,3.65,4.49,5.52,6.72c1.87-2.23,4.41-4.17,5.5-6.73   c9.37-22.06,24.76-38.08,47.02-47.15c6.07-2.47,12.5-4.06,18.76-6.06C495.95,55,504.07,55,512.18,55z M667.14,495.16   c-0.48,15.59,5.51,26.06,17.58,30.73c11.22,4.34,23.86,1.01,31.41-8.28c8.56-10.53,8.43-22.11-0.39-36   c-9.99-15.73-5.64-32.01,11.57-41.67c15.33-8.6,23.52-21.48,22.79-38.95c-0.72-17.42-9.74-29.66-25.8-36.98   c-20.66-9.41-25.07-27.88-11.4-46.06c16.84-22.4,11.17-49.68-13.22-63.67c-18.17-10.42-21.27-25.56-10.72-43.96   c3.59-6.26,5.56-14.9,4.65-21.98c-1.81-14.11-14.96-23.05-28.87-22.01c-13.98,1.04-24.53,12.21-25.62,27.12   c-1.23,16.82-11.12,27.22-27.02,28.41c-15.46,1.16-26.02,9.88-28.31,23.37c-2.18,12.9,4.75,24.33,18.67,30.81   c17.27,8.03,22.53,24.23,14.03,41.1c-2.65,5.26-4.39,11.31-5.07,17.17c-1.74,15.04-11.92,25.43-27.19,26.62   c-15.12,1.17-23.9,7.83-27.49,20.88c-3.37,12.23,0.89,22.82,13.12,31.11c9.72,6.59,14.24,15.27,13.87,27.13   c-0.8,25.79,19.02,38.76,42.27,28.02C647.72,458.03,667.87,471.3,667.14,495.16z M332.9,439.83   c-0.76-24.43,19.33-37.54,41.61-27.14c22.1,10.32,42.69-2.82,41.79-27.11c-0.47-12.5,3.87-21.7,14.33-28.61   c11.72-7.76,15.91-18.55,12.73-30.51c-3.49-13.12-12.4-20.03-27.28-21.15c-15.77-1.19-25.9-11.54-27.45-27.23   c-0.5-5.05-1.76-10.35-4.04-14.85c-9.83-19.44-5.15-34.15,14.35-43.33c12.8-6.03,19.67-18.35,17.22-30.88   c-2.52-12.87-13.1-21.77-27.07-22.76c-16.98-1.21-26.94-11.18-28.16-28.16c-0.95-13.2-8.33-22.78-20.28-26.31   c-10.84-3.21-22.57,0.64-29.47,9.68c-7.57,9.91-7.78,21.92-0.58,33.19c11.73,18.35,8.06,33.45-10.78,44.3   c-23.8,13.7-29.38,41.1-12.85,63.16c13.96,18.64,9.49,36.71-11.77,46.55c-15.67,7.25-24.46,19.38-25.27,36.44   c-0.82,17.09,6.86,30.02,21.8,38.63c19.39,11.18,22.25,25.45,11.11,45.09c-3.53,6.21-5.14,15.02-4,22.05   c2.32,14.4,16.36,23.13,30.33,21.09C324.32,469.73,333.45,457.4,332.9,439.83z M389.36,515c0,124.79,0,249.36,0,373.96   c27.74,0,54.86,0,82.37,0c0-101.92,0-203.41,0-304.84C424.42,577.37,405.4,561.37,389.36,515z M553.39,310.37   c-29.25-32.57-33.44-67.76-12.55-106.35c-2.57-1.74-4.82-3.45-7.24-4.87c-19.4-11.41-22.88-25.77-10.83-44.9   c6.88-10.92,6.66-22.66-0.62-32.47c-6.75-9.11-18.61-13.2-29.33-10.13c-12.05,3.46-19.41,13.11-20.76,26.06   c-0.53,5.05-1.53,10.55-4.1,14.76c-2.74,4.5-2.87,7.8-1.18,12.64c10.93,31.39,5.17,59.77-16.38,85.01   c-1.21,1.42-2.43,2.84-4.03,4.7c2.07,1.02,3.32,1.65,4.58,2.26c53.4,25.88,65.45,91.26,25.03,134.73c-2.7,2.9-4.33,7.38-5.09,11.39   c-4.37,23.12-16.36,41.13-35.47,54.56c-3.19,2.24-6.55,4.24-11.15,7.2c17.21,7.72,21.24,20.87,20.56,37.52   c-0.45,10.92,6.78,18.82,16.89,23.21c8.92,3.87,17.33,1.91,25.85-2.25c15.71-7.67,33.15-1.23,38.62,14.49   c1.82,5.24,1.53,11.34,1.61,17.05c0.18,12.79,7.28,22.9,19.38,26.89c12.2,4.02,22.69-0.35,31.14-10.78   c8.33-10.28,17.47-20.06,27.31-28.87c4.82-4.31,6.74-7.9,4.99-13.86c-0.99-0.23-1.8-0.52-2.63-0.59   c-42.48-3.62-70.99-29.37-79.31-71.19c-0.73-3.65-3.03-7.43-5.63-10.19c-38.71-41.12-27.17-107.03,23.33-132.38   C548.65,312.88,550.88,311.68,553.39,310.37z M528.42,634.74c0,85.43,0,169.78,0,253.95c27.91,0,55.22,0,82.17,0   c0-90.15,0-179.61,0-269.99C585.53,638.38,558.56,643.76,528.42,634.74z\"><\/path><\/g><\/svg>\t\t\t<\/div>\n\t\t<\/div>\n\t\t\t\t\t\t<\/div>\n\t\t\t\t<\/div>\n\t\t\t\t<div class=\"elementor-element elementor-element-45064ed7 elementor-widget elementor-widget-text-editor\" data-id=\"45064ed7\" data-element_type=\"widget\" data-widget_type=\"text-editor.default\">\n\t\t\t\t<div class=\"elementor-widget-container\">\n\t\t\t\t\t\t\t\t\t<p>Em toda sua hist\u00f3ria j\u00e1 plantou mais de 150 milh\u00f5es de \u00e1rvores em cerca de 110.00 hectares. \u00a0Sua marca \u00e9 atrelada \u00e0 realiza\u00e7\u00e3o de projetos de implanta\u00e7\u00e3o de florestas de alta produtividade para atender mercados diversificados como o de celulose e papel, o da siderurgia e energia, at\u00e9 constru\u00e7\u00e3o civil. Utilizamos hoje clones desenvolvidos pela pr\u00f3pria empresa e adequados a alta produtividade adaptados aos v\u00e1rios mercados e regi\u00f5es em que operamos.<\/p><p>A Empresa configura como um dos agentes que contribuiu decisivamente para o desenvolvimento do estado do Mato Grosso do Sul em sua \u00e1rea florestal, atraindo investimentos de porte e sendo um dos articuladores de todo o crescimento que hoje acontece no eixo entre Campo Grande e Tr\u00eas Lagoas, considerada a capital do papel e celulose e abrigando grandes industrias do setor.<\/p><p>A partir de 2014, passou a se chamar\u00a0<strong>Ramires Reflortec S.A<\/strong>. recebendo como parceira e s\u00f3cia a\u00a0<a href=\"https:\/\/www.forestinvest.com\/\" target=\"_blank\" rel=\"noopener\">Forest Investiment Associates (FIA)<\/a>, fundo de investimento americano, que foi fundado em 1986 .\u00a0Como consultor de investimentos registrado e administrador ambiental, a\u00a0<strong>Forest Investment Associates (FIA)<\/strong>\u00a0ajuda clientes em todo o mundo a investir em \u00e1reas florestais sustent\u00e1veis.<\/p>\t\t\t\t\t\t\t\t<\/div>\n\t\t\t\t<\/div>\n\t\t\t\t\t<\/div>\n\t\t<\/div>\n\t\t\t\t<div class=\"elementor-column elementor-col-50 elementor-top-column elementor-element elementor-element-73bc03e0\" data-id=\"73bc03e0\" data-element_type=\"column\">\n\t\t\t<div class=\"elementor-widget-wrap elementor-element-populated\">\n\t\t\t\t\t\t<div class=\"elementor-element elementor-element-15363c37 elementor-hidden-phone elementor-invisible elementor-widget elementor-widget-image\" data-id=\"15363c37\" data-element_type=\"widget\" data-settings=\"{&quot;_animation&quot;:&quot;fadeInRight&quot;}\" data-widget_type=\"image.default\">\n\t\t\t\t<div class=\"elementor-widget-container\">\n\t\t\t\t\t\t\t\t\t\t\t\t\t\t\t<img decoding=\"async\" width=\"524\" height=\"622\" src=\"https:\/\/empresasramires.com.br\/site\/wp-content\/uploads\/2021\/12\/grupo-de-mascara-83.png\" class=\"attachment-full size-full wp-image-1069\" alt=\"\" srcset=\"https:\/\/empresasramires.com.br\/site\/wp-content\/uploads\/2021\/12\/grupo-de-mascara-83.png 524w, https:\/\/empresasramires.com.br\/site\/wp-content\/uploads\/2021\/12\/grupo-de-mascara-83-253x300.png 253w, https:\/\/empresasramires.com.br\/site\/wp-content\/uploads\/2021\/12\/grupo-de-mascara-83-123x146.png 123w, https:\/\/empresasramires.com.br\/site\/wp-content\/uploads\/2021\/12\/grupo-de-mascara-83-42x50.png 42w, https:\/\/empresasramires.com.br\/site\/wp-content\/uploads\/2021\/12\/grupo-de-mascara-83-63x75.png 63w\" sizes=\"(max-width: 524px) 100vw, 524px\" \/>\t\t\t\t\t\t\t\t\t\t\t\t\t\t\t<\/div>\n\t\t\t\t<\/div>\n\t\t\t\t\t<\/div>\n\t\t<\/div>\n\t\t\t\t\t<\/div>\n\t\t<\/section>\n\t\t\t\t<section class=\"elementor-section elementor-top-section elementor-element elementor-element-188edd elementor-section-boxed elementor-section-height-default elementor-section-height-default\" data-id=\"188edd\" data-element_type=\"section\" data-settings=\"{&quot;background_background&quot;:&quot;classic&quot;}\">\n\t\t\t\t\t\t\t<div class=\"elementor-background-overlay\"><\/div>\n\t\t\t\t\t\t\t<div class=\"elementor-container elementor-column-gap-default\">\n\t\t\t\t\t<div class=\"elementor-column elementor-col-100 elementor-top-column elementor-element elementor-element-77b575b7\" data-id=\"77b575b7\" data-element_type=\"column\">\n\t\t\t<div class=\"elementor-widget-wrap elementor-element-populated\">\n\t\t\t\t\t\t<div class=\"elementor-element elementor-element-75e9d229 elementor-widget elementor-widget-text-editor\" data-id=\"75e9d229\" data-element_type=\"widget\" data-widget_type=\"text-editor.default\">\n\t\t\t\t<div class=\"elementor-widget-container\">\n\t\t\t\t\t\t\t\t\t<p>S\u00e3o mais de de 48 anos de tradi\u00e7\u00e3o sendo refer\u00eancia nacional em solu\u00e7\u00f5es em produtos florestais, sua longa trajet\u00f3ria sempre beneficiou o progresso e o desenvolvimento sustent\u00e1vel, colocando a ci\u00eancia e experi\u00eancia \u00e0 servi\u00e7o da produtividade.<\/p>\t\t\t\t\t\t\t\t<\/div>\n\t\t\t\t<\/div>\n\t\t\t\t\t<\/div>\n\t\t<\/div>\n\t\t\t\t\t<\/div>\n\t\t<\/section>\n\t\t\t\t<section class=\"elementor-section elementor-top-section elementor-element elementor-element-648663ad elementor-section-boxed elementor-section-height-default elementor-section-height-default\" data-id=\"648663ad\" data-element_type=\"section\" data-settings=\"{&quot;background_background&quot;:&quot;classic&quot;}\">\n\t\t\t\t\t\t\t<div class=\"elementor-background-overlay\"><\/div>\n\t\t\t\t\t\t\t<div class=\"elementor-container elementor-column-gap-default\">\n\t\t\t\t\t<div class=\"elementor-column elementor-col-100 elementor-top-column elementor-element elementor-element-45730c2d\" data-id=\"45730c2d\" data-element_type=\"column\">\n\t\t\t<div class=\"elementor-widget-wrap elementor-element-populated\">\n\t\t\t\t\t\t<div class=\"elementor-element elementor-element-205e5c96 elementor-widget elementor-widget-heading\" data-id=\"205e5c96\" data-element_type=\"widget\" data-widget_type=\"heading.default\">\n\t\t\t\t<div class=\"elementor-widget-container\">\n\t\t\t\t\t<h3 class=\"elementor-heading-title elementor-size-large\">Entre em contato<\/h3>\t\t\t\t<\/div>\n\t\t\t\t<\/div>\n\t\t\t\t\t<\/div>\n\t\t<\/div>\n\t\t\t\t\t<\/div>\n\t\t<\/section>\n\t\t\t\t<section class=\"elementor-section elementor-top-section elementor-element elementor-element-73465b56 elementor-section-content-middle elementor-reverse-mobile elementor-section-boxed elementor-section-height-default elementor-section-height-default\" data-id=\"73465b56\" data-element_type=\"section\" data-settings=\"{&quot;background_background&quot;:&quot;classic&quot;}\">\n\t\t\t\t\t\t<div class=\"elementor-container elementor-column-gap-no\">\n\t\t\t\t\t<div class=\"elementor-column elementor-col-50 elementor-top-column elementor-element elementor-element-775d3849\" data-id=\"775d3849\" data-element_type=\"column\" data-settings=\"{&quot;background_background&quot;:&quot;classic&quot;}\">\n\t\t\t<div class=\"elementor-widget-wrap elementor-element-populated\">\n\t\t\t\t\t\t<div class=\"elementor-element elementor-element-45b9210e elementor-widget elementor-widget-google_maps\" data-id=\"45b9210e\" data-element_type=\"widget\" data-widget_type=\"google_maps.default\">\n\t\t\t\t<div class=\"elementor-widget-container\">\n\t\t\t\t\t\t\t<div class=\"elementor-custom-embed\">\n\t\t\t<iframe loading=\"lazy\"\n\t\t\t\t\tsrc=\"https:\/\/maps.google.com\/maps?q=BR-262%2C%202035%20-%20B%C3%A1lsamo%2C%20Ribas%20do%20Rio%20Pardo%20-%20MS%2C%2079180-000&#038;t=m&#038;z=8&#038;output=embed&#038;iwloc=near\"\n\t\t\t\t\ttitle=\"BR-262, 2035 - B\u00e1lsamo, Ribas do Rio Pardo - MS, 79180-000\"\n\t\t\t\t\taria-label=\"BR-262, 2035 - B\u00e1lsamo, Ribas do Rio Pardo - MS, 79180-000\"\n\t\t\t><\/iframe>\n\t\t<\/div>\n\t\t\t\t\t\t<\/div>\n\t\t\t\t<\/div>\n\t\t\t\t\t<\/div>\n\t\t<\/div>\n\t\t\t\t<div class=\"elementor-column elementor-col-50 elementor-top-column elementor-element elementor-element-79958a79\" data-id=\"79958a79\" data-element_type=\"column\" data-settings=\"{&quot;background_background&quot;:&quot;classic&quot;}\">\n\t\t\t<div class=\"elementor-widget-wrap elementor-element-populated\">\n\t\t\t\t\t\t<div class=\"elementor-element elementor-element-eac08af elementor-widget elementor-widget-heading\" data-id=\"eac08af\" data-element_type=\"widget\" data-widget_type=\"heading.default\">\n\t\t\t\t<div class=\"elementor-widget-container\">\n\t\t\t\t\t<p class=\"elementor-heading-title elementor-size-large\">Quer saber mais?<\/p>\t\t\t\t<\/div>\n\t\t\t\t<\/div>\n\t\t\t\t<div class=\"elementor-element elementor-element-1fceb6b3 elementor-list-item-link-inline elementor-align-left elementor-widget elementor-widget-icon-list\" data-id=\"1fceb6b3\" data-element_type=\"widget\" data-widget_type=\"icon-list.default\">\n\t\t\t\t<div class=\"elementor-widget-container\">\n\t\t\t\t\t\t\t<ul class=\"elementor-icon-list-items\">\n\t\t\t\t\t\t\t<li class=\"elementor-icon-list-item\">\n\t\t\t\t\t\t\t\t\t\t\t<span class=\"elementor-icon-list-icon\">\n\t\t\t\t\t\t\t<i aria-hidden=\"true\" class=\"fas fa-phone\"><\/i>\t\t\t\t\t\t<\/span>\n\t\t\t\t\t\t\t\t\t\t<span class=\"elementor-icon-list-text\">+ 55 (67) 3238-4700<\/span>\n\t\t\t\t\t\t\t\t\t<\/li>\n\t\t\t\t\t\t\t\t<li class=\"elementor-icon-list-item\">\n\t\t\t\t\t\t\t\t\t\t\t<span class=\"elementor-icon-list-icon\">\n\t\t\t\t\t\t\t<i aria-hidden=\"true\" class=\"far fa-building\"><\/i>\t\t\t\t\t\t<\/span>\n\t\t\t\t\t\t\t\t\t\t<span class=\"elementor-icon-list-text\">R. 15 de Novembro, 2550 - Centro, Campo Grande - MS, 79020-300<\/span>\n\t\t\t\t\t\t\t\t\t<\/li>\n\t\t\t\t\t\t\t\t<li class=\"elementor-icon-list-item\">\n\t\t\t\t\t\t\t\t\t\t\t<span class=\"elementor-icon-list-icon\">\n\t\t\t\t\t\t\t<i aria-hidden=\"true\" class=\"fas fa-tree\"><\/i>\t\t\t\t\t\t<\/span>\n\t\t\t\t\t\t\t\t\t\t<span class=\"elementor-icon-list-text\">BR-262, 2035 - B\u00e1lsamo, Ribas do Rio Pardo - MS, 79180-000<\/span>\n\t\t\t\t\t\t\t\t\t<\/li>\n\t\t\t\t\t\t\t\t<li class=\"elementor-icon-list-item\">\n\t\t\t\t\t\t\t\t\t\t\t<span class=\"elementor-icon-list-icon\">\n\t\t\t\t\t\t\t<i aria-hidden=\"true\" class=\"fas fa-envelope\"><\/i>\t\t\t\t\t\t<\/span>\n\t\t\t\t\t\t\t\t\t\t<span class=\"elementor-icon-list-text\">ramires@ramires.com.br <\/span>\n\t\t\t\t\t\t\t\t\t<\/li>\n\t\t\t\t\t\t<\/ul>\n\t\t\t\t\t\t<\/div>\n\t\t\t\t<\/div>\n\t\t\t\t\t<\/div>\n\t\t<\/div>\n\t\t\t\t\t<\/div>\n\t\t<\/section>\n\t\t\t\t<\/div>\n\t\t","protected":false},"excerpt":{"rendered":"<p>&#8211; DESDE 1973 &#8211; &#8211; SOLU\u00c7\u00d5ES EM PRODUTOS FLORESTAIS &#8211; Reflortec Em toda sua hist\u00f3ria j\u00e1 plantou mais de 150 milh\u00f5es de \u00e1rvores em cerca de<span class=\"excerpt-hellip\"> [\u2026]<\/span><\/p>\n","protected":false},"author":2,"featured_media":0,"parent":0,"menu_order":0,"comment_status":"closed","ping_status":"closed","template":"elementor_canvas","meta":{"_joinchat":[],"footnotes":""},"class_list":["post-979","page","type-page","status-publish","hentry"],"_links":{"self":[{"href":"https:\/\/empresasramires.com.br\/site\/wp-json\/wp\/v2\/pages\/979","targetHints":{"allow":["GET"]}}],"collection":[{"href":"https:\/\/empresasramires.com.br\/site\/wp-json\/wp\/v2\/pages"}],"about":[{"href":"https:\/\/empresasramires.com.br\/site\/wp-json\/wp\/v2\/types\/page"}],"author":[{"embeddable":true,"href":"https:\/\/empresasramires.com.br\/site\/wp-json\/wp\/v2\/users\/2"}],"replies":[{"embeddable":true,"href":"https:\/\/empresasramires.com.br\/site\/wp-json\/wp\/v2\/comments?post=979"}],"version-history":[{"count":31,"href":"https:\/\/empresasramires.com.br\/site\/wp-json\/wp\/v2\/pages\/979\/revisions"}],"predecessor-version":[{"id":1326,"href":"https:\/\/empresasramires.com.br\/site\/wp-json\/wp\/v2\/pages\/979\/revisions\/1326"}],"wp:attachment":[{"href":"https:\/\/empresasramires.com.br\/site\/wp-json\/wp\/v2\/media?parent=979"}],"curies":[{"name":"wp","href":"https:\/\/api.w.org\/{rel}","templated":true}]}}